{"id":66,"date":"2022-01-31T21:33:59","date_gmt":"2022-01-31T18:33:59","guid":{"rendered":"https:\/\/eigengrauartmag.com\/?page_id=66"},"modified":"2022-04-17T19:29:51","modified_gmt":"2022-04-17T16:29:51","slug":"iletisim","status":"publish","type":"page","link":"https:\/\/eigengrauartmag.com\/tr\/iletisim\/","title":{"rendered":"\u0130leti\u015fim"},"content":{"rendered":"\t\t<div data-elementor-type=\"wp-page\" data-elementor-id=\"66\" class=\"elementor elementor-66\">\n\t\t\t\t\t\t\t\t\t<section data-particle_enable=\"false\" data-particle-mobile-disabled=\"false\" class=\"elementor-section elementor-top-section elementor-element elementor-element-7478ea0 elementor-section-full_width elementor-section-height-full elementor-section-items-stretch elementor-section-height-default\" data-id=\"7478ea0\" data-element_type=\"section\">\n\t\t\t\t\t\t<div class=\"elementor-container elementor-column-gap-no\">\n\t\t\t\t\t<div class=\"elementor-column elementor-col-100 elementor-top-column elementor-element elementor-element-3aa8358\" data-id=\"3aa8358\" data-element_type=\"column\">\n\t\t\t<div class=\"elementor-widget-wrap elementor-element-populated\">\n\t\t\t\t\t\t\t\t<section data-particle_enable=\"false\" data-particle-mobile-disabled=\"false\" class=\"elementor-section elementor-inner-section elementor-element elementor-element-729853b elementor-section-boxed elementor-section-height-default elementor-section-height-default\" data-id=\"729853b\" data-element_type=\"section\">\n\t\t\t\t\t\t<div class=\"elementor-container elementor-column-gap-default\">\n\t\t\t\t\t<div class=\"elementor-column elementor-col-100 elementor-inner-column elementor-element elementor-element-b8981ae\" data-id=\"b8981ae\" data-element_type=\"column\">\n\t\t\t<div class=\"elementor-widget-wrap elementor-element-populated\">\n\t\t\t\t\t\t\t\t<div class=\"elementor-element elementor-element-bc6d068 eael-contact-form-7-button-align-left eael-contact-form-7-button-custom elementor-widget elementor-widget-eael-contact-form-7\" data-id=\"bc6d068\" data-element_type=\"widget\" data-widget_type=\"eael-contact-form-7.default\">\n\t\t\t\t<div class=\"elementor-widget-container\">\n\t\t\t<div class=\"eael-contact-form-7-wrapper\">\n                <div class=\"eael-contact-form eael-contact-form-7 eael-contact-form-bc6d068 eael-contact-form-align-center\"><div class=\"eael-contact-form-7-heading\"><h3 class=\"eael-contact-form-title eael-contact-form-7-title\">\n                                    \u0130leti\u015fim\n                                <\/h3><\/div><div role=\"form\" class=\"wpcf7\" id=\"wpcf7-f602-o1\" lang=\"en-US\" dir=\"ltr\">\n<div class=\"screen-reader-response\"><p role=\"status\" aria-live=\"polite\" aria-atomic=\"true\"><\/p> <ul><\/ul><\/div>\n<form action=\"\/tr\/wp-json\/wp\/v2\/pages\/66#wpcf7-f602-o1\" method=\"post\" class=\"wpcf7-form init\" novalidate=\"novalidate\" data-status=\"init\">\n<div style=\"display: none;\">\n<input type=\"hidden\" name=\"_wpcf7\" value=\"602\" \/>\n<input type=\"hidden\" name=\"_wpcf7_version\" value=\"5.5.5\" \/>\n<input type=\"hidden\" name=\"_wpcf7_locale\" value=\"en_US\" \/>\n<input type=\"hidden\" name=\"_wpcf7_unit_tag\" value=\"wpcf7-f602-o1\" \/>\n<input type=\"hidden\" name=\"_wpcf7_container_post\" value=\"0\" \/>\n<input type=\"hidden\" name=\"_wpcf7_posted_data_hash\" value=\"\" \/>\n<\/div>\n<p><label> Ad:<br \/>\n    <span class=\"wpcf7-form-control-wrap your-name\"><input type=\"text\" name=\"your-name\" value=\"\" size=\"40\" class=\"wpcf7-form-control wpcf7-text wpcf7-validates-as-required\" aria-required=\"true\" aria-invalid=\"false\" \/><\/span> <\/label><\/p>\n<p><label>e-mail:<br \/>\n    <span class=\"wpcf7-form-control-wrap your-email\"><input type=\"email\" name=\"your-email\" value=\"\" size=\"40\" class=\"wpcf7-form-control wpcf7-text wpcf7-email wpcf7-validates-as-required wpcf7-validates-as-email\" aria-required=\"true\" aria-invalid=\"false\" \/><\/span> <\/label><\/p>\n<p><label> Konu:<br \/>\n    <span class=\"wpcf7-form-control-wrap your-subject\"><input type=\"text\" name=\"your-subject\" value=\"\" size=\"40\" class=\"wpcf7-form-control wpcf7-text wpcf7-validates-as-required\" aria-required=\"true\" aria-invalid=\"false\" \/><\/span> <\/label><\/p>\n<p><label> Mesaj\u0131n\u0131z:<br \/>\n    <span class=\"wpcf7-form-control-wrap your-message\"><textarea name=\"your-message\" cols=\"40\" rows=\"10\" class=\"wpcf7-form-control wpcf7-textarea\" aria-invalid=\"false\"><\/textarea><\/span> <\/label><\/p>\n<p><input type=\"submit\" value=\"G\u00f6nder\" class=\"wpcf7-form-control has-spinner wpcf7-submit\" \/><\/p>\n<div class=\"wpcf7-response-output\" aria-hidden=\"true\"><\/div><\/form><\/div><\/div>\n            <\/div>\t\t<\/div>\n\t\t\t\t<\/div>\n\t\t\t\t\t<\/div>\n\t\t<\/div>\n\t\t\t\t\t\t\t<\/div>\n\t\t<\/section>\n\t\t\t\t\t<\/div>\n\t\t<\/div>\n\t\t\t\t\t\t\t<\/div>\n\t\t<\/section>\n\t\t\t\t\t\t\t<\/div>\n\t\t","protected":false},"excerpt":{"rendered":"<p>\u0130leti\u015fim Ad: Email: Konu: Mesaj\u0131n\u0131z: &#916;<\/p>\n","protected":false},"author":1,"featured_media":0,"parent":0,"menu_order":0,"comment_status":"closed","ping_status":"closed","template":"","meta":{"footnotes":""},"class_list":["post-66","page","type-page","status-publish","hentry"],"acf":[],"yoast_head":"<!-- This site is optimized with the Yoast SEO plugin v19.6 - https:\/\/yoast.com\/wordpress\/plugins\/seo\/ -->\n<title>\u0130leti\u015fim - Eigengrau Art Mag<\/title>\n<meta name=\"robots\" content=\"index, follow, max-snippet:-1, max-image-preview:large, max-video-preview:-1\" \/>\n<link rel=\"canonical\" href=\"http:\/\/eigengrauartmag.com\/tr\/iletisim\/\" \/>\n<meta property=\"og:locale\" content=\"tr_TR\" \/>\n<meta property=\"og:type\" content=\"article\" \/>\n<meta property=\"og:title\" content=\"\u0130leti\u015fim - Eigengrau Art Mag\" \/>\n<meta property=\"og:description\" content=\"\u0130leti\u015fim Ad: Email: Konu: Mesaj\u0131n\u0131z: &#916;\" \/>\n<meta property=\"og:url\" content=\"http:\/\/eigengrauartmag.com\/tr\/iletisim\/\" \/>\n<meta property=\"og:site_name\" content=\"Eigengrau Art Mag\" \/>\n<meta property=\"article:publisher\" content=\"https:\/\/www.facebook.com\/people\/Eigengrau-Art-Magazine\/100067678309110\/\" \/>\n<meta property=\"article:modified_time\" content=\"2022-04-17T16:29:51+00:00\" \/>\n<meta name=\"twitter:card\" content=\"summary_large_image\" \/>\n<meta name=\"twitter:site\" content=\"@eigengrauartmag\" \/>\n<script type=\"application\/ld+json\" class=\"yoast-schema-graph\">{\"@context\":\"https:\/\/schema.org\",\"@graph\":[{\"@type\":\"WebPage\",\"@id\":\"http:\/\/eigengrauartmag.com\/tr\/iletisim\/\",\"url\":\"http:\/\/eigengrauartmag.com\/tr\/iletisim\/\",\"name\":\"\u0130leti\u015fim - Eigengrau Art Mag\",\"isPartOf\":{\"@id\":\"http:\/\/eigengrauartmag.com\/tr\/#website\"},\"datePublished\":\"2022-01-31T18:33:59+00:00\",\"dateModified\":\"2022-04-17T16:29:51+00:00\",\"breadcrumb\":{\"@id\":\"http:\/\/eigengrauartmag.com\/tr\/iletisim\/#breadcrumb\"},\"inLanguage\":\"tr\",\"potentialAction\":[{\"@type\":\"ReadAction\",\"target\":[\"http:\/\/eigengrauartmag.com\/tr\/iletisim\/\"]}]},{\"@type\":\"BreadcrumbList\",\"@id\":\"http:\/\/eigengrauartmag.com\/tr\/iletisim\/#breadcrumb\",\"itemListElement\":[{\"@type\":\"ListItem\",\"position\":1,\"name\":\"Home\",\"item\":\"https:\/\/eigengrauartmag.com\/tr\/\"},{\"@type\":\"ListItem\",\"position\":2,\"name\":\"\u0130leti\u015fim\"}]},{\"@type\":\"WebSite\",\"@id\":\"http:\/\/eigengrauartmag.com\/tr\/#website\",\"url\":\"http:\/\/eigengrauartmag.com\/tr\/\",\"name\":\"Eigengrau Art Mag\",\"description\":\"Ankara and Luxembourg-based Art Magazine\",\"publisher\":{\"@id\":\"http:\/\/eigengrauartmag.com\/tr\/#organization\"},\"potentialAction\":[{\"@type\":\"SearchAction\",\"target\":{\"@type\":\"EntryPoint\",\"urlTemplate\":\"http:\/\/eigengrauartmag.com\/tr\/?s={search_term_string}\"},\"query-input\":\"required name=search_term_string\"}],\"inLanguage\":\"tr\"},{\"@type\":\"Organization\",\"@id\":\"http:\/\/eigengrauartmag.com\/tr\/#organization\",\"name\":\"Eigengrau Art Mag\",\"url\":\"http:\/\/eigengrauartmag.com\/tr\/\",\"sameAs\":[\"https:\/\/open.spotify.com\/episode\/0Oh3zreMFG43wKlrJ8a1nP\",\"https:\/\/www.instagram.com\/eigengrau.artmag\/\",\"https:\/\/www.facebook.com\/people\/Eigengrau-Art-Magazine\/100067678309110\/\",\"https:\/\/twitter.com\/eigengrauartmag\"],\"logo\":{\"@type\":\"ImageObject\",\"inLanguage\":\"tr\",\"@id\":\"http:\/\/eigengrauartmag.com\/tr\/#\/schema\/logo\/image\/\",\"url\":\"https:\/\/eigengrauartmag.com\/wp-content\/uploads\/2022\/01\/eigengrau-favicon.png\",\"contentUrl\":\"https:\/\/eigengrauartmag.com\/wp-content\/uploads\/2022\/01\/eigengrau-favicon.png\",\"width\":512,\"height\":512,\"caption\":\"Eigengrau Art Mag\"},\"image\":{\"@id\":\"http:\/\/eigengrauartmag.com\/tr\/#\/schema\/logo\/image\/\"}}]}<\/script>\n<!-- \/ Yoast SEO plugin. -->","yoast_head_json":{"title":"\u0130leti\u015fim - Eigengrau Art Mag","robots":{"index":"index","follow":"follow","max-snippet":"max-snippet:-1","max-image-preview":"max-image-preview:large","max-video-preview":"max-video-preview:-1"},"canonical":"http:\/\/eigengrauartmag.com\/tr\/iletisim\/","og_locale":"tr_TR","og_type":"article","og_title":"\u0130leti\u015fim - Eigengrau Art Mag","og_description":"\u0130leti\u015fim Ad: Email: Konu: Mesaj\u0131n\u0131z: &#916;","og_url":"http:\/\/eigengrauartmag.com\/tr\/iletisim\/","og_site_name":"Eigengrau Art Mag","article_publisher":"https:\/\/www.facebook.com\/people\/Eigengrau-Art-Magazine\/100067678309110\/","article_modified_time":"2022-04-17T16:29:51+00:00","twitter_card":"summary_large_image","twitter_site":"@eigengrauartmag","schema":{"@context":"https:\/\/schema.org","@graph":[{"@type":"WebPage","@id":"http:\/\/eigengrauartmag.com\/tr\/iletisim\/","url":"http:\/\/eigengrauartmag.com\/tr\/iletisim\/","name":"\u0130leti\u015fim - Eigengrau Art Mag","isPartOf":{"@id":"http:\/\/eigengrauartmag.com\/tr\/#website"},"datePublished":"2022-01-31T18:33:59+00:00","dateModified":"2022-04-17T16:29:51+00:00","breadcrumb":{"@id":"http:\/\/eigengrauartmag.com\/tr\/iletisim\/#breadcrumb"},"inLanguage":"tr","potentialAction":[{"@type":"ReadAction","target":["http:\/\/eigengrauartmag.com\/tr\/iletisim\/"]}]},{"@type":"BreadcrumbList","@id":"http:\/\/eigengrauartmag.com\/tr\/iletisim\/#breadcrumb","itemListElement":[{"@type":"ListItem","position":1,"name":"Home","item":"https:\/\/eigengrauartmag.com\/tr\/"},{"@type":"ListItem","position":2,"name":"\u0130leti\u015fim"}]},{"@type":"WebSite","@id":"http:\/\/eigengrauartmag.com\/tr\/#website","url":"http:\/\/eigengrauartmag.com\/tr\/","name":"Eigengrau Art Mag","description":"Ankara and Luxembourg-based Art Magazine","publisher":{"@id":"http:\/\/eigengrauartmag.com\/tr\/#organization"},"potentialAction":[{"@type":"SearchAction","target":{"@type":"EntryPoint","urlTemplate":"http:\/\/eigengrauartmag.com\/tr\/?s={search_term_string}"},"query-input":"required name=search_term_string"}],"inLanguage":"tr"},{"@type":"Organization","@id":"http:\/\/eigengrauartmag.com\/tr\/#organization","name":"Eigengrau Art Mag","url":"http:\/\/eigengrauartmag.com\/tr\/","sameAs":["https:\/\/open.spotify.com\/episode\/0Oh3zreMFG43wKlrJ8a1nP","https:\/\/www.instagram.com\/eigengrau.artmag\/","https:\/\/www.facebook.com\/people\/Eigengrau-Art-Magazine\/100067678309110\/","https:\/\/twitter.com\/eigengrauartmag"],"logo":{"@type":"ImageObject","inLanguage":"tr","@id":"http:\/\/eigengrauartmag.com\/tr\/#\/schema\/logo\/image\/","url":"https:\/\/eigengrauartmag.com\/wp-content\/uploads\/2022\/01\/eigengrau-favicon.png","contentUrl":"https:\/\/eigengrauartmag.com\/wp-content\/uploads\/2022\/01\/eigengrau-favicon.png","width":512,"height":512,"caption":"Eigengrau Art Mag"},"image":{"@id":"http:\/\/eigengrauartmag.com\/tr\/#\/schema\/logo\/image\/"}}]}},"_links":{"self":[{"href":"https:\/\/eigengrauartmag.com\/tr\/wp-json\/wp\/v2\/pages\/66","targetHints":{"allow":["GET"]}}],"collection":[{"href":"https:\/\/eigengrauartmag.com\/tr\/wp-json\/wp\/v2\/pages"}],"about":[{"href":"https:\/\/eigengrauartmag.com\/tr\/wp-json\/wp\/v2\/types\/page"}],"author":[{"embeddable":true,"href":"https:\/\/eigengrauartmag.com\/tr\/wp-json\/wp\/v2\/users\/1"}],"replies":[{"embeddable":true,"href":"https:\/\/eigengrauartmag.com\/tr\/wp-json\/wp\/v2\/comments?post=66"}],"version-history":[{"count":1,"href":"https:\/\/eigengrauartmag.com\/tr\/wp-json\/wp\/v2\/pages\/66\/revisions"}],"predecessor-version":[{"id":2412,"href":"https:\/\/eigengrauartmag.com\/tr\/wp-json\/wp\/v2\/pages\/66\/revisions\/2412"}],"wp:attachment":[{"href":"https:\/\/eigengrauartmag.com\/tr\/wp-json\/wp\/v2\/media?parent=66"}],"curies":[{"name":"wp","href":"https:\/\/api.w.org\/{rel}","templated":true}]}}